{"id":763,"date":"2025-06-12T13:06:57","date_gmt":"2025-06-12T13:06:57","guid":{"rendered":"https:\/\/www.medipremagroup.com\/legal-notice\/"},"modified":"2026-03-25T13:07:26","modified_gmt":"2026-03-25T13:07:26","slug":"legal-notice","status":"publish","type":"page","link":"https:\/\/www.medipremagroup.com\/en\/legal-notice\/","title":{"rendered":"Legal notice"},"content":{"rendered":"<p>[et_pb_section fb_built=&#8221;1&#8243; _builder_version=&#8221;4.27.4&#8243; _module_preset=&#8221;default&#8221; global_colors_info=&#8221;{}&#8221;][et_pb_row _builder_version=&#8221;4.27.4&#8243; _module_preset=&#8221;default&#8221; global_colors_info=&#8221;{}&#8221;][et_pb_column type=&#8221;4_4&#8243; _builder_version=&#8221;4.27.4&#8243; _module_preset=&#8221;default&#8221; global_colors_info=&#8221;{}&#8221;][et_pb_text _builder_version=&#8221;4.27.4&#8243; _module_preset=&#8221;default&#8221; global_colors_info=&#8221;{}&#8221;]<\/p>\n<h1>Legal notice<\/h1>\n<p>[\/et_pb_text][et_pb_text _builder_version=&#8221;4.27.4&#8243; _module_preset=&#8221;default&#8221; hover_enabled=&#8221;0&#8243; global_colors_info=&#8221;{}&#8221; sticky_enabled=&#8221;0&#8243;]<\/p>\n<h2>Terms of use:<\/h2>\n<p>The website www.medipremagroup.com is available in various web languages \u200b\u200b(HTML, HTML5, Javascript, CSS, etc.). For optimal user experience and improved graphics, we recommend using modern browsers such as Microsoft Edge, Safari, Firefox, Google Chrome, etc. <\/p>\n<p>The M\u00e9dipr\u00e9ma group uses all available resources to ensure the reliability and accuracy of the information on its websites. However, errors or omissions may occur. Users should therefore verify the accuracy of the information with their contact within the group and report any website modifications they deem necessary. M\u00e9dipr\u00e9ma is not liable for any use made of this information, nor for any direct or indirect damages that may result.   <\/p>\n<p><strong>Services provided:  <\/strong><\/p>\n<p>All of the group&#8217;s activities and information are presented on our website www.medipremagroup.com.<\/p>\n<p>M\u00e9dipr\u00e9ma Group strives to provide the most accurate information possible on its website, www.medipremagroup.com. The information on www.medipremagroup.com is not exhaustive, and the photos are not contractual. It is provided subject to modifications made since its publication. The regulatory characteristics of medical devices (CE marking, indications, performance, safety, mandatory documentation) remain compliant with applicable requirements and are provided accurately and verifiably. Furthermore, all information on www.medipremagroup.com is provided for informational purposes only and is subject to change without notice.    <\/p>\n<p><strong>Hyperlinks<\/strong><\/p>\n<p>Users and visitors of the website www.medipremagroup.com may not create a hyperlink to this site without the express prior authorization of mediprema group.<\/p>\n<p>If a user or visitor wishes to create a hyperlink to one of the M\u00e9dipr\u00e9ma Group websites, they must send an email to info@medipremagroup.com to request permission. M\u00e9dipr\u00e9ma Group reserves the right to accept or refuse any hyperlink request without having to justify its decision. <\/p>\n<p> <strong>Outgoing links:<\/strong><br \/>\n The M\u00e9dipr\u00e9ma website may contain hyperlinks to third-party websites. These links are provided for informational purposes only. M\u00e9dipr\u00e9ma has no control over the content of these websites and accepts no responsibility for the information, content, or services offered by these third parties. The presence of a link to an external website does not constitute an endorsement or validation of that website or its content.   <\/p>\n<p><strong>Intellectual property:  <\/strong><\/p>\n<p>All content on this website www.mediprema.com, including but not limited to graphics, images, texts, videos, animations, sounds, logos, gifs and icons as well as their formatting are the exclusive property of the company with the exception of trademarks, logos or content belonging to other partner companies or authors.<\/p>\n<p>Any reproduction, distribution, modification, adaptation, retransmission, or publication, even partial, of these elements is strictly prohibited without the express written consent of M\u00e9dipr\u00e9ma Group. Such representation or reproduction, by any means whatsoever, constitutes copyright infringement punishable under Articles L.335-2 et seq. of the French Intellectual Property Code. Failure to comply with this prohibition constitutes copyright infringement and may result in civil and criminal penalties. Furthermore, the owners of the copied content may take legal action against you.   <\/p>\n<p><strong>Disputes:  <\/strong><\/p>\n<p>These terms and conditions for the website www.medipremagroup.com are governed by French law, and any disputes arising from their interpretation or application shall be subject to the exclusive jurisdiction of the courts where the company&#8217;s registered office is located. The language of reference for resolving any disputes is French. <\/p>\n<p><strong>Cookies:<\/strong><\/p>\n<p>The cookies used on this website store your country of residence, allowing us to manage your browsing experience by offering you English or French. Language cookies are stored for 12 months. <\/p>\n<p>We also use a third-party cookie to track your browsing activity during the session in order to ensure the quality and security of your browsing experience on our website and to obtain anonymous statistical data on website usage. Session (browsing) cookies are deleted when you close your browser. Analytical cookies (Google Analytics 4) are stored for a maximum of 13 months, and security cookies (third-party) may be stored for 3 months.  <\/p>\n<p>You can allow, configure or block these cookies installed on your computer via the consent management banner that appears when you open the site.<\/p>\n<p>To learn more, see our<span> <\/span><a href=\"https:\/\/www.medipremagroup.com\/politique-de-protection-des-donnees\/\">personal data management policy<\/a> .<\/p>\n<p><strong>Combating waste and promoting a circular economy<\/strong><\/p>\n<p>The unique identifier FR007810_05INY3, certifying registration in the register of producers of the EEE sector, pursuant to Article L.541-10-13 of the French Environmental Code, has been assigned by ADEME to the company MEDIPREMA (SIRET No. 43277261400033). This identifier certifies its compliance with the obligation to register in the register of producers of Electrical and Electronic Equipment and to have submitted its market-placing declarations to Ecosystem.<\/p>\n<h2>Publisher:<\/h2>\n<p>M\u00e9dipr\u00e9ma group, whose registered office is located at:<br \/>\nZA Node Park Touraine<br \/>\n470 rue Gilles de Gennes &#8211; BP8<br \/>\n37310 TAUXIGNY &#8211; FRANCE<br \/>\nTel: +33 (0)2 47 28 47 87 &#8211; Fax: +33(0)2 47 27 35 85<br \/>\nRCS Tours B 339 183 519<br \/>\nIntracommunity VAT number FR 14 432 772 614<br \/>\nCapital of 4,263,015 euros<\/p>\n<p>Publishing Director: Didier DELAVAULT<\/p>\n<h2>Website hosting:<\/h2>\n<p class=\"p1\">Ex2 Inc.<br \/>\n 797, boulevard Lebourgneuf, suite 300,<br \/>\n Quebec, G2J 0B5,<br \/>\n Canada<\/p>\n<h2>Graphic design and development:<\/h2>\n<p><a href=\"https:\/\/winleads.fr\/\">Winleads Digital<\/a><br \/>\n<a href=\"https:\/\/www.digibase-web.fr\/agence-creation-de-site-internet\/\">Digibase Web<\/a><br \/>\n Photos: M\u00e9dipr\u00e9ma Group, Alexandre Yagoubi Idrissi, Atelier Denis Bomer, Grenouilles Production[\/et_pb_text][\/et_pb_column][\/et_pb_row][\/et_pb_section]<\/p>\n","protected":false},"excerpt":{"rendered":"<p>Legal noticeTerms of use: The website www.medipremagroup.com is available in various web languages \u200b\u200b(HTML, HTML5, Javascript, CSS, etc.). For optimal user experience and improved graphics, we recommend using modern browsers such as Microsoft Edge, Safari, Firefox, Google Chrome, etc. The M\u00e9dipr\u00e9ma group uses all available resources to ensure the reliability and accuracy of the information [&hellip;]<\/p>\n","protected":false},"author":1,"featured_media":0,"parent":0,"menu_order":0,"comment_status":"closed","ping_status":"closed","template":"","meta":{"_acf_changed":false,"_et_pb_use_builder":"on","_et_pb_old_content":"","_et_gb_content_width":"","inline_featured_image":false,"footnotes":""},"class_list":["post-763","page","type-page","status-publish","hentry"],"acf":[],"_links":{"self":[{"href":"https:\/\/www.medipremagroup.com\/en\/wp-json\/wp\/v2\/pages\/763","targetHints":{"allow":["GET"]}}],"collection":[{"href":"https:\/\/www.medipremagroup.com\/en\/wp-json\/wp\/v2\/pages"}],"about":[{"href":"https:\/\/www.medipremagroup.com\/en\/wp-json\/wp\/v2\/types\/page"}],"author":[{"embeddable":true,"href":"https:\/\/www.medipremagroup.com\/en\/wp-json\/wp\/v2\/users\/1"}],"replies":[{"embeddable":true,"href":"https:\/\/www.medipremagroup.com\/en\/wp-json\/wp\/v2\/comments?post=763"}],"version-history":[{"count":2,"href":"https:\/\/www.medipremagroup.com\/en\/wp-json\/wp\/v2\/pages\/763\/revisions"}],"predecessor-version":[{"id":765,"href":"https:\/\/www.medipremagroup.com\/en\/wp-json\/wp\/v2\/pages\/763\/revisions\/765"}],"wp:attachment":[{"href":"https:\/\/www.medipremagroup.com\/en\/wp-json\/wp\/v2\/media?parent=763"}],"curies":[{"name":"wp","href":"https:\/\/api.w.org\/{rel}","templated":true}]}}